{"id":33047,"date":"2025-09-03T09:42:47","date_gmt":"2025-09-03T07:42:47","guid":{"rendered":"https:\/\/preprod-cna.lpo.fr\/?page_id=33047"},"modified":"2025-09-03T09:43:41","modified_gmt":"2025-09-03T07:43:41","slug":"life-gypact","status":"publish","type":"page","link":"https:\/\/preprod-cna.lpo.fr\/?page_id=33047","title":{"rendered":"LIFE GYP&rsquo;ACT"},"content":{"rendered":"<div class=\"wp-block-image\">\n<figure class=\"aligncenter size-large is-resized\"><img loading=\"lazy\" decoding=\"async\" width=\"1024\" height=\"357\" src=\"https:\/\/preprod-cna.lpo.fr\/wp-content\/uploads\/2025\/09\/cropped-rubon0-scaled-1-1024x357.jpg\" alt=\"\" class=\"wp-image-33048\" style=\"width:583px;height:auto\" srcset=\"https:\/\/preprod-cna.lpo.fr\/wp-content\/uploads\/2025\/09\/cropped-rubon0-scaled-1-1024x357.jpg 1024w, https:\/\/preprod-cna.lpo.fr\/wp-content\/uploads\/2025\/09\/cropped-rubon0-scaled-1-300x105.jpg 300w, https:\/\/preprod-cna.lpo.fr\/wp-content\/uploads\/2025\/09\/cropped-rubon0-scaled-1-768x268.jpg 768w, https:\/\/preprod-cna.lpo.fr\/wp-content\/uploads\/2025\/09\/cropped-rubon0-scaled-1-1536x536.jpg 1536w, https:\/\/preprod-cna.lpo.fr\/wp-content\/uploads\/2025\/09\/cropped-rubon0-scaled-1-2048x715.jpg 2048w\" sizes=\"auto, (max-width: 1024px) 100vw, 1024px\" \/><\/figure>\n<\/div>\n\n\n<h3 class=\"wp-block-heading\">Les objectifs du programme<\/h3>\n\n\n\n<p>Conduits avec la&nbsp;<em>Vulture Conservation Foundation<\/em>&nbsp;(VCF) dans le cadre du programme europ\u00e9en sur les esp\u00e8ces en danger (EEP) mis en \u0153uvre au niveau international sous la responsabilit\u00e9 de l\u2019Association europ\u00e9enne des zoos et des aquariums (EAZA), le LIFE GYPCONNECT (2015-2022) puis d\u00e9sormais le LIFE GYP\u2019ACT (2022-2028) figurent comme une priorit\u00e9 de la strat\u00e9gie europ\u00e9enne en faveur de l\u2019esp\u00e8ce et intervient en coh\u00e9rence avec les diff\u00e9rents programmes europ\u00e9ens (mis en \u0153uvre d\u00e8s 1974) qui visent \u00e0 la sauvegarde du Gypa\u00e8te barbu et \u00e0 la reconqu\u00eate des territoires o\u00f9 il a disparu.<\/p>\n\n\n\n<p>Gr\u00e2ce \u00e0 ces programmes, la population fran\u00e7aise de Gypa\u00e8tes barbus est en cours de restauration avec 29 couples dans les Alpes fran\u00e7aises, 57 \u00e0 59 couples dans les Pyr\u00e9n\u00e9es fran\u00e7aises et 4 \u00e0 5 couples en Corse en 2024. Toutefois le suivi des oiseaux r\u00e9v\u00e8le qu\u2019il n\u2019y a pas ou peu de mouvements de Gypa\u00e8tes entre les Alpes et les Pyr\u00e9n\u00e9es.<\/p>\n\n\n\n<p>Le programme GYP\u2019ACT instruit en faveur du Gypa\u00e8te barbu a pour objectifs principaux de :<\/p>\n\n\n\n<ul class=\"wp-block-list\">\n<li>Renforcer la population du Gypa\u00e8te barbu par la cr\u00e9ation de nouveaux noyaux de population dans la Dr\u00f4me et le Massif Central ;<\/li>\n\n\n\n<li>Favoriser des mouvements d\u2019oiseaux depuis ces noyaux de population entre les Alpes et les Pyr\u00e9n\u00e9es et plus largement r\u00e9tablir l\u2019existence d\u2019une continuit\u00e9 entre les populations de l\u2019esp\u00e8ce d\u2019Europe Centrale et M\u00e9ridionale (afin de restaurer une v\u00e9ritable m\u00e9tapopulation europ\u00e9enne de l\u2019esp\u00e8ce).<\/li>\n<\/ul>\n\n\n\n<p>Il pr\u00e9voit ainsi diff\u00e9rentes actions permettant le renforcement de la population de Gypa\u00e8tes barbus (<em>Gypaetus barbatus<\/em>) et le r\u00e9tablissement d\u2019\u00e9changes entre ses diff\u00e9rents noyaux de populations des Alpes aux Pyr\u00e9n\u00e9es. Pour cela, il repose sur des programmes de r\u00e9introduction en cours dans les Pr\u00e9alpes (Dr\u00f4me) et le Massif-central (Loz\u00e8re, Aveyron, Gard, H\u00e9rault) et un meilleur acc\u00e8s aux ressources alimentaires dans la partie orientale des Pyr\u00e9n\u00e9es (Aude).<\/p>\n\n\n\n<p>Aussi, la conduite des programmes de r\u00e9introduction dans le d\u00e9partement de la Dr\u00f4me et dans le Massif-Central (Loz\u00e8re, Aveyron, Gard) doit permettre l\u2019existence d\u2019\u00e9changes entre les oiseaux des Alpes et des Pyr\u00e9n\u00e9es et donc contribuer plus globalement \u00e0 l\u2019existence d\u2019une continuit\u00e9 entre les populations de l\u2019esp\u00e8ce d\u2019Europe Centrale et M\u00e9ridionale.<\/p>\n\n\n\n<p>Le programme LIFE GYP\u2019ACT constitue donc un atout ind\u00e9niable pour permettre de dynamiser la recolonisation par le gypa\u00e8te de son aire end\u00e9mique de distribution. Tant du point de vue de sa dynamique de population que de sa diversit\u00e9 g\u00e9n\u00e9tique et de sa probabilit\u00e9 de p\u00e9rennit\u00e9, ce projet constitue une importance consid\u00e9rable pour la restauration du Gypa\u00e8te barbu en Europe.<\/p>\n\n\n\n<h3 class=\"wp-block-heading\">Partenaires<\/h3>\n\n\n\n<h4 class=\"wp-block-heading\">Les partenaires financiers<\/h4>\n\n\n\n<p>La Fondation MAVA a accompagn\u00e9 le LIFE GYPCONNECT de 2015 \u00e0 2022, jusqu\u2019\u00e0 sa fermeture. Elle \u00e9tait une fondation philanthropique familiale bas\u00e9e en Suisse, cr\u00e9\u00e9e en 1994 par Luc Hoffmann. La fondation s\u2019\u00e9tait donn\u00e9e pour mission de soutenir des partenariats solides afin de conserver la biodiversit\u00e9 pour les g\u00e9n\u00e9rations futures. La protection des oiseaux et de leurs habitats a toujours \u00e9t\u00e9 une pr\u00e9occupation majeure au niveau de la fondation.<\/p>\n\n\n\n<p>La Fondation Prince Albert II de Monaco s\u2019est engag\u00e9e aupr\u00e8s de la LPO France pour soutenir le LIFE GYP\u2019ACT de 2022 \u00e0 2028.&nbsp; La fondation est une organisation internationale \u00e0 but non lucratif qui s\u2019engage \u00e0 prot\u00e9ger et faire progresser la sant\u00e9 plan\u00e9taire pour les g\u00e9n\u00e9rations actuelles et futures. Cr\u00e9\u00e9e par le Prince Albert II de Monaco en 2006, la Fondation souhaite promouvoir une nouvelle relation avec la nature ainsi que les innovations qui peuvent acc\u00e9l\u00e9rer ce changement. Elle intervient dans trois principales zones g\u00e9ographiques : le Bassin M\u00e9diterran\u00e9en, les R\u00e9gions Polaires, et les Pays les Moins Avanc\u00e9s.<\/p>\n\n\n\n<h4 class=\"wp-block-heading\">Les partenaires techniques<\/h4>\n\n\n\n<p>L\u2019\u00e9quipe du projet est constitu\u00e9e de structures expertes dans la conservation des rapaces in et ex situ, de v\u00e9t\u00e9rinaires, de scientifiques et gestionnaires du r\u00e9seau \u00e9lectrique pour supprimer des menaces.<\/p>\n\n\n\n<p>Le projet pr\u00e9voit \u00e9galement de s\u2019adjoindre les comp\u00e9tences de l\u2019ordre judiciaire pour lutter contre les destructions intentionnelles d\u2019esp\u00e8ces prot\u00e9g\u00e9es et de repr\u00e9sentants du monde agricoles ou encore de sociologues pour s\u2019assurer une meilleure appropriation du programme par les diff\u00e9rents publics, les riverains et les usagers. Il regroupe ainsi toutes les comp\u00e9tences et expertises n\u00e9cessaires \u00e0 la bonne r\u00e9alisation des actions sur les 6 ann\u00e9es pr\u00e9vues du programme.<\/p>\n\n\n\n<p>Plus de d\u00e9tails <a href=\"https:\/\/gypact.fr\/2024\/02\/05\/les-partenaires-du-life\/\">ici<\/a>.<\/p>\n\n\n\n<h3 class=\"wp-block-heading\">Sources :<\/h3>\n\n\n\n<p><a href=\"https:\/\/gypact.fr\/\">LIFE GYP&rsquo;ACT<\/a><\/p>\n\n\n\n<p><a href=\"https:\/\/occitanie.lpo.fr\/projet-life-gypact\/\">LPO<\/a><\/p>\n\n\n\n<p><\/p>\n","protected":false},"excerpt":{"rendered":"<p>Les objectifs du programme Conduits avec la&nbsp;Vulture Conservation Foundation&nbsp;(VCF) dans le cadre du programme europ\u00e9en sur les esp\u00e8ces en danger (EEP) mis en \u0153uvre au niveau international sous la responsabilit\u00e9 de l\u2019Association europ\u00e9enne des zoos et des aquariums (EAZA), le LIFE GYPCONNECT (2015-2022) puis d\u00e9sormais le LIFE GYP\u2019ACT (2022-2028) figurent comme une priorit\u00e9 de la [&hellip;]<\/p>\n","protected":false},"author":4,"featured_media":0,"parent":0,"menu_order":0,"comment_status":"closed","ping_status":"closed","template":"","meta":{"footnotes":""},"class_list":["post-33047","page","type-page","status-publish","hentry"],"_links":{"self":[{"href":"https:\/\/preprod-cna.lpo.fr\/index.php?rest_route=\/wp\/v2\/pages\/33047","targetHints":{"allow":["GET"]}}],"collection":[{"href":"https:\/\/preprod-cna.lpo.fr\/index.php?rest_route=\/wp\/v2\/pages"}],"about":[{"href":"https:\/\/preprod-cna.lpo.fr\/index.php?rest_route=\/wp\/v2\/types\/page"}],"author":[{"embeddable":true,"href":"https:\/\/preprod-cna.lpo.fr\/index.php?rest_route=\/wp\/v2\/users\/4"}],"replies":[{"embeddable":true,"href":"https:\/\/preprod-cna.lpo.fr\/index.php?rest_route=%2Fwp%2Fv2%2Fcomments&post=33047"}],"version-history":[{"count":2,"href":"https:\/\/preprod-cna.lpo.fr\/index.php?rest_route=\/wp\/v2\/pages\/33047\/revisions"}],"predecessor-version":[{"id":33052,"href":"https:\/\/preprod-cna.lpo.fr\/index.php?rest_route=\/wp\/v2\/pages\/33047\/revisions\/33052"}],"wp:attachment":[{"href":"https:\/\/preprod-cna.lpo.fr\/index.php?rest_route=%2Fwp%2Fv2%2Fmedia&parent=33047"}],"curies":[{"name":"wp","href":"https:\/\/api.w.org\/{rel}","templated":true}]}}