{"id":33034,"date":"2025-09-03T09:20:28","date_gmt":"2025-09-03T07:20:28","guid":{"rendered":"https:\/\/preprod-cna.lpo.fr\/?page_id=33034"},"modified":"2025-09-03T09:23:40","modified_gmt":"2025-09-03T07:23:40","slug":"life-sl4b-safe-lines-for-birds","status":"publish","type":"page","link":"https:\/\/preprod-cna.lpo.fr\/?page_id=33034","title":{"rendered":"LIFE SL4B (Safe Lines For Birds)"},"content":{"rendered":"<div class=\"wp-block-image\">\n<figure class=\"aligncenter size-full is-resized\"><img loading=\"lazy\" decoding=\"async\" width=\"689\" height=\"469\" src=\"https:\/\/preprod-cna.lpo.fr\/wp-content\/uploads\/2025\/09\/imagens_686_469_28033166644b9f380ec5b.jpg\" alt=\"\" class=\"wp-image-33035\" style=\"width:290px;height:auto\" srcset=\"https:\/\/preprod-cna.lpo.fr\/wp-content\/uploads\/2025\/09\/imagens_686_469_28033166644b9f380ec5b.jpg 689w, https:\/\/preprod-cna.lpo.fr\/wp-content\/uploads\/2025\/09\/imagens_686_469_28033166644b9f380ec5b-300x204.jpg 300w\" sizes=\"auto, (max-width: 689px) 100vw, 689px\" \/><\/figure>\n<\/div>\n\n\n<h3 class=\"wp-block-heading\">Objectifs<\/h3>\n\n\n\n<p>Les objectifs du LIFE SL4B sont de r\u00e9duire les collisions, les \u00e9lectrocutions et les perturbations subies par 13 esp\u00e8ces d&rsquo;oiseaux, ainsi que de partager et d&rsquo;am\u00e9liorer les connaissances acquises gr\u00e2ce \u00e0 un r\u00e9seau europ\u00e9en. Ce LIFE intervient en France, en Belgique et au Portugal.<\/p>\n\n\n\n<h3 class=\"wp-block-heading\">R\u00e9duire les collisions d&rsquo;oiseaux<\/h3>\n\n\n\n<p>Le risque de collision avec les lignes \u00e9lectriques d\u00e9pend de facteurs tels que la perception qu&rsquo;a l&rsquo;oiseau du conducteur ou du fil de terre, sa capacit\u00e9 \u00e0 les contourner, ainsi que diverses consid\u00e9rations sp\u00e9cifiques \u00e0 l&rsquo;esp\u00e8ce, au site et \u00e0 la ligne \u00e9lectrique. Les collisions peuvent se produire aussi bien sur les r\u00e9seaux de distribution que sur les r\u00e9seaux de transport d&rsquo;\u00e9lectricit\u00e9.<\/p>\n\n\n\n<h3 class=\"wp-block-heading\">R\u00e9duire l&rsquo;\u00e9lectrocution des oiseaux<\/h3>\n\n\n\n<p>L&rsquo;\u00e9lectrocution se produit lorsqu&rsquo;un oiseau touche deux conducteurs de phase ou un conducteur et un dispositif mis \u00e0 la terre, cr\u00e9ant ainsi un arc \u00e9lectrique. En raison des distances plus courtes entre les composants, ce probl\u00e8me est plus fr\u00e9quent sur les r\u00e9seaux \u00e0 moyenne et basse tension.<\/p>\n\n\n\n<h3 class=\"wp-block-heading\">R\u00e9duire les perturbations caus\u00e9es aux oiseaux<\/h3>\n\n\n\n<p>Les perturbations caus\u00e9es par l&rsquo;entretien du r\u00e9seau, notamment les travaux de peinture et de construction, peuvent nuire aux activit\u00e9s des oiseaux, telles que la reproduction. Cela peut entra\u00eener une baisse de la reproduction et l&rsquo;abandon des nids chez certaines esp\u00e8ces.<\/p>\n\n\n\n<h3 class=\"wp-block-heading\">Am\u00e9liorer et partager les connaissances<\/h3>\n\n\n\n<p>Une collaboration efficace entre les parties prenantes concern\u00e9es est essentielle pour am\u00e9liorer la protection des oiseaux le long du r\u00e9seau \u00e9lectrique. Elle permet l&rsquo;\u00e9change d&rsquo;informations pr\u00e9cieuses, d&rsquo;exp\u00e9riences et de bonnes pratiques, favorisant ainsi l&rsquo;\u00e9laboration et la mise en \u0153uvre de mesures de protection.<\/p>\n\n\n\n<h3 class=\"wp-block-heading\">Quelles sont les 13 esp\u00e8ces ?<\/h3>\n\n\n\n<p>Elles ont \u00e9t\u00e9 choisi pour le LIFE car ce sont les esp\u00e8ces plus impact\u00e9es par les lignes \u00e9lectriques en France, en Belgique et au Portugal : <\/p>\n\n\n\n<ul class=\"wp-block-list\">\n<li>l\u2019Outarde canepeti\u00e8re, <\/li>\n\n\n\n<li>le Gypa\u00e8te barbu, <\/li>\n\n\n\n<li>l\u2019Aigle de Bonelli, <\/li>\n\n\n\n<li>le Vautour moine, <\/li>\n\n\n\n<li>le Vautour percnopt\u00e8re, <\/li>\n\n\n\n<li>le Faucon cr\u00e9cerellette, <\/li>\n\n\n\n<li>la Grue cendr\u00e9e, <\/li>\n\n\n\n<li>le Balbuzard p\u00eacheur, <\/li>\n\n\n\n<li>la Cigogne blanche, <\/li>\n\n\n\n<li>la Cigogne noire, <\/li>\n\n\n\n<li>la B\u00e9casse des bois, <\/li>\n\n\n\n<li>le Courlis cendr\u00e9, <\/li>\n\n\n\n<li>le Vanneau bor\u00e9al.<\/li>\n<\/ul>\n\n\n\n<h3 class=\"wp-block-heading\">Qui sont les partenaires ?<\/h3>\n\n\n\n<p>S\u2019appuyant sur des partenariats existants en France, en Belgique et au Portugal, le projet est coordonn\u00e9 par la Ligue Pour La Protection des Oiseaux (LPO France), la branche fran\u00e7aise de BirdLife. Les autres partenaires fran\u00e7ais sont\u00a0Enedis\u00a0(GRD), R\u00e9seau De Transport D\u2019\u00e9lectricit\u00e9 \u2013\u00a0RTE,\u00a0LPO Pays De La Loire,\u00a0LPO Auvergne-Rh\u00f4ne-Alpes,\u00a0LPO Occitanie\u00a0et\u00a0LPO Provence Alpes C\u00f4te d\u2019Azur\u00a0(ONG locales). Ces partenaires ont cr\u00e9\u00e9 en 2004 le Comit\u00e9 national de l\u2019avifaune qui vise \u00e0 r\u00e9duire les impacts des infrastructures \u00e9nerg\u00e9tiques sur la biodiversit\u00e9 et ont lanc\u00e9 le projet SafeLines4Birds. Au Portugal, les partenaires du projet sont la Sociedade Portuguesa Para O Estudo das Aves\u00a0\u2013\u00a0SPEA\u00a0(ONG) et\u00a0E-Redes\u00a0(GRD portugais), et \u00a0en Belgique\u00a0Natuurpunt,\u00a0Natagora\u00a0(ONG) et\u00a0Elia\u00a0(GRT belge).<\/p>\n\n\n\n<p>En rejoignant ces partenaires,\u00a0EDM International, une soci\u00e9t\u00e9 bas\u00e9e aux \u00c9tats-Unis, apporte une \u00e9quipe de biologistes de la faune et de sp\u00e9cialistes aviaires au consortium.\u00a0BIOPOLIS-CIBIO\u00a0est un centre de recherche portugais associ\u00e9 \u00e0 l\u2019Universit\u00e9 de Porto qui contribue au projet gr\u00e2ce \u00e0 son expertise sur les impacts des infrastructures \u00e9nerg\u00e9tiques sur la biodiversit\u00e9 gr\u00e2ce \u00e0 des collaborations avec des GRT et des GRD au Portugal et \u00e0 travers l\u2019Europe. Enfin, RGI apporte son expertise dans la facilitation des \u00e9changes multipartites entre divers partenaires et sa vaste exp\u00e9rience dans la coordination et la mise en \u0153uvre d\u2019activit\u00e9s li\u00e9es \u00e0 la communication et \u00e0 la diffusion de projets.<\/p>\n\n\n\n<h3 class=\"wp-block-heading\">Sources : <\/h3>\n\n\n\n<p><a href=\"https:\/\/www.safelines4birds.eu\/\">LIFE SL4B<\/a><\/p>\n\n\n\n<p><a href=\"https:\/\/auvergne-rhone-alpes.lpo.fr\/projets\/life-safelines4birds\/\">LPO<\/a><\/p>\n\n\n\n<p><\/p>\n","protected":false},"excerpt":{"rendered":"<p>Objectifs Les objectifs du LIFE SL4B sont de r\u00e9duire les collisions, les \u00e9lectrocutions et les perturbations subies par 13 esp\u00e8ces d&rsquo;oiseaux, ainsi que de partager et d&rsquo;am\u00e9liorer les connaissances acquises gr\u00e2ce \u00e0 un r\u00e9seau europ\u00e9en. Ce LIFE intervient en France, en Belgique et au Portugal. R\u00e9duire les collisions d&rsquo;oiseaux Le risque de collision avec les [&hellip;]<\/p>\n","protected":false},"author":4,"featured_media":0,"parent":0,"menu_order":0,"comment_status":"closed","ping_status":"closed","template":"","meta":{"footnotes":""},"class_list":["post-33034","page","type-page","status-publish","hentry"],"_links":{"self":[{"href":"https:\/\/preprod-cna.lpo.fr\/index.php?rest_route=\/wp\/v2\/pages\/33034","targetHints":{"allow":["GET"]}}],"collection":[{"href":"https:\/\/preprod-cna.lpo.fr\/index.php?rest_route=\/wp\/v2\/pages"}],"about":[{"href":"https:\/\/preprod-cna.lpo.fr\/index.php?rest_route=\/wp\/v2\/types\/page"}],"author":[{"embeddable":true,"href":"https:\/\/preprod-cna.lpo.fr\/index.php?rest_route=\/wp\/v2\/users\/4"}],"replies":[{"embeddable":true,"href":"https:\/\/preprod-cna.lpo.fr\/index.php?rest_route=%2Fwp%2Fv2%2Fcomments&post=33034"}],"version-history":[{"count":3,"href":"https:\/\/preprod-cna.lpo.fr\/index.php?rest_route=\/wp\/v2\/pages\/33034\/revisions"}],"predecessor-version":[{"id":33046,"href":"https:\/\/preprod-cna.lpo.fr\/index.php?rest_route=\/wp\/v2\/pages\/33034\/revisions\/33046"}],"wp:attachment":[{"href":"https:\/\/preprod-cna.lpo.fr\/index.php?rest_route=%2Fwp%2Fv2%2Fmedia&parent=33034"}],"curies":[{"name":"wp","href":"https:\/\/api.w.org\/{rel}","templated":true}]}}