{"id":21369,"date":"2021-01-04T10:58:21","date_gmt":"2021-01-04T09:58:21","guid":{"rendered":"https:\/\/preprod-cna.lpo.fr\/?page_id=21369"},"modified":"2025-09-02T11:35:06","modified_gmt":"2025-09-02T09:35:06","slug":"ressources-documentation","status":"publish","type":"page","link":"https:\/\/preprod-cna.lpo.fr\/?page_id=21369","title":{"rendered":"Balbuzard et Pygargue &#8211; Ressources &amp; Documentation"},"content":{"rendered":"<h2>Documentation<\/h2>\n<h3>T\u00e9l\u00e9chargeables<\/h3>\n<ul>\n<li><img loading=\"lazy\" decoding=\"async\" class=\"imagecache-original\" src=\"https:\/\/preprod-cna.lpo.fr\/wp-content\/uploads\/2021\/01\/couverture.png\" alt=\"\" width=\"97\" height=\"135\" \/> Le <a href=\"https:\/\/preprod-cna.lpo.fr\/wp-content\/uploads\/2021\/01\/dep-pygargue-v31.pdf\">Cahier d&rsquo;identification des plumages du Pygargue \u00e0 queue blanche<\/a> \u00a0<\/li>\n<\/ul>\n<p>&nbsp;<\/p>\n<ul>\n<li><img loading=\"lazy\" decoding=\"async\" class=\"imagecache-original\" src=\"https:\/\/preprod-cna.lpo.fr\/wp-content\/uploads\/2021\/01\/jaq-ctpyg-v2.jpg\" alt=\"\" width=\"98\" height=\"138\" \/> Le <a href=\"http:\/\/rapaces.lpo.fr\/sites\/default\/files\/mission-rapaces\/37\/ctpygarguevf.pdf\">Cahier technique Pygargue \u00e0 queue blanche <\/a><\/li>\n<\/ul>\n<p>&nbsp;<\/p>\n<ul>\n<li><img loading=\"lazy\" decoding=\"async\" class=\"imagecache-original\" src=\"https:\/\/preprod-cna.lpo.fr\/wp-content\/uploads\/2021\/01\/page-de-garde-brochure-pna-1.jpg\" alt=\"\" width=\"76\" height=\"108\" \/> La <a href=\"http:\/\/rapaces.lpo.fr\/sites\/default\/files\/balbuzard\/4009\/plaquette-de-presentation-pna-bbz-pqb-2020vf.pdf\">brochure<\/a> du nouveau plan national d&rsquo;actions &#8211;\u00a0 Agir pour le Balbuzard p\u00eacheur et le Pygargue \u00e0 queue blanche (2020)<\/li>\n<\/ul>\n<p>&nbsp;<\/p>\n<ul>\n<li><img loading=\"lazy\" decoding=\"async\" class=\"imagecache-original\" src=\"https:\/\/preprod-cna.lpo.fr\/wp-content\/uploads\/2021\/01\/miniaturepna2020.jpg\" alt=\"\" width=\"78\" height=\"109\" \/> Le <a href=\"https:\/\/preprod-cna.lpo.fr\/wp-content\/uploads\/2021\/01\/pnabbzpqb2020-2029.pdf\">Plan national d&rsquo;actions 2020-2029<\/a> en faveur du Balbuzard p\u00eacheur et du Pygargue \u00e0 queue blanche<\/li>\n<\/ul>\n<h5>\u00a0\u00a0\u00a0\u00a0\u00a0\u00a0\u00a0\u00a0\u00a0\u00a0<\/h5>\n<ul>\n<li><img loading=\"lazy\" decoding=\"async\" class=\"imagecache-original\" src=\"https:\/\/preprod-cna.lpo.fr\/wp-content\/uploads\/2021\/01\/depaigles.jpg\" alt=\"\" width=\"54\" height=\"116\" \/> Le d\u00e9pliant \u00ab\u00a0Les Aigles\u00a0\u00bb &#8211; \u00e0 t\u00e9l\u00e9charger <a href=\"https:\/\/preprod-cna.lpo.fr\/wp-content\/uploads\/2021\/01\/deplaigles.pdf\">ici<\/a> . Des exemplaires papiers sont disponibles aupr\u00e8s de la <a href=\"http:\/\/rapaces.lpo.fr\/contact\">LPO<\/a><\/li>\n<\/ul>\n<p>&nbsp;<\/p>\n<ul>\n<li><img loading=\"lazy\" decoding=\"async\" class=\"imagecache-Original\" src=\"https:\/\/preprod-cna.lpo.fr\/wp-content\/uploads\/2017\/03\/vignettepna.png\" alt=\"\" width=\"70\" height=\"99\" \/>La <a href=\"https:\/\/preprod-cna.lpo.fr\/wp-content\/uploads\/2021\/01\/brochure-pnabalbuzard.pdf\">brochure<\/a> du plan national d&rsquo;action &#8211; Agir ensemble pour le Balbuzard p\u00eacheur (2009)<\/li>\n<\/ul>\n<p>&nbsp;<\/p>\n<ul>\n<li><img loading=\"lazy\" decoding=\"async\" class=\"imagecache-original\" src=\"https:\/\/preprod-cna.lpo.fr\/wp-content\/uploads\/2021\/01\/mignaturepna2008-2012.jpg\" alt=\"\" width=\"70\" height=\"99\" \/> Le\u00a0<a href=\"https:\/\/preprod-cna.lpo.fr\/wp-content\/uploads\/2021\/01\/pna-balbuzard-2008-2012.pdf\">plan national de restauration<\/a> du Balbuzard p\u00eacheur (2008-2012)<\/li>\n<\/ul>\n<p>&nbsp;<\/p>\n<ul>\n<li><img loading=\"lazy\" decoding=\"async\" class=\"imagecache-original\" src=\"https:\/\/preprod-cna.lpo.fr\/wp-content\/uploads\/2021\/01\/ct-balbuzard.png\" alt=\"\" width=\"70\" height=\"100\" \/> Le\u00a0<a href=\"https:\/\/preprod-cna.lpo.fr\/wp-content\/uploads\/2021\/01\/ctbalbu-page-page.pdf\" target=\"_blank\" rel=\"noopener\">Cahier technique Balbuzard p\u00eacheur<\/a><\/li>\n<\/ul>\n<p>&nbsp;<\/p>\n<h5><em>Balbuzard &amp; Pygargue, le bulletin de liaison des acteurs du plan national d&rsquo;actions<\/em><strong><br \/><\/strong><\/h5>\n<ul>\n<li><a href=\"https:\/\/preprod-cna.lpo.fr\/wp-content\/uploads\/2021\/01\/bulletin-pna-bapy-n1-mars-2021.pdf\">Balbuzard &amp; Pygargue n\u00b01 <\/a> &#8211; mars 2021<\/li>\n<li><a href=\"http:\/\/rapaces.lpo.fr\/sites\/default\/files\/balbuzard\/4119\/bulletin-pna-bapyn2v8.pdf\">Balbuzard &amp; Pygargue n\u00b02<\/a> &#8211; novembre 2021<\/li>\n<li><a href=\"https:\/\/preprod-cna.lpo.fr\/wp-content\/uploads\/2021\/01\/bulletin-pna-bapyn3v2.pdf\">Balbuzard &amp; Pygargue n\u00b03<\/a> &#8211; juillet 2022<\/li>\n<li><a href=\"https:\/\/preprod-cna.lpo.fr\/wp-content\/uploads\/2021\/01\/bulletin-pna-bapyn4v21.pdf\">Balbuzard &amp; Pygargue n\u00b04<\/a> &#8211; d\u00e9cembre 2022<\/li>\n<\/ul>\n<h5><em>\u00a0Les archives <\/em><\/h5>\n<ul>\n<li><a href=\"https:\/\/preprod-cna.lpo.fr\/wp-content\/uploads\/2021\/01\/balbuzard-info-archives.zip\">Balbuzard Info<\/a>, le bulletin de liaison des acteurs du plan national de restauration &#8211; dossier zip, 45.85 Mo<\/li>\n<li><a title=\"\" href=\"\/sites\/default\/files\/balbuzard\/159\/Alauda.zip\">Alauda<\/a>\u00a0&#8211; dossier zip, 780 ko<\/li>\n<li><a title=\"\" href=\"\/sites\/default\/files\/balbuzard\/159\/Ornithos.zip\">Ornithos<\/a>\u00a0&#8211; dossier zip, 5,7 Mo<\/li>\n<li><a title=\"\" href=\"\/sites\/default\/files\/balbuzard\/159\/Rapaces%20de%20France.zip\">Rapaces de France<\/a>\u00a0&#8211; dossier zip, 3,6 Mo<\/li>\n<li><a href=\"\/sites\/default\/files\/balbuzard\/159\/OiseauMag58-2000_dossierbalbuzard.pdf\" target=\"_blank\" rel=\"noopener\">Oiseau Magazine<\/a>\u00a0&#8211; PDF 12 Mo<\/li>\n<li><a href=\"\/sites\/default\/files\/balbuzard\/159\/CICONIA_vol32fasc3_2008.pdf\" target=\"_blank\" rel=\"noopener\">Ciconia<\/a>\u00a0&#8211; PDF 3 Mo<\/li>\n<li><a title=\"\" href=\"\/sites\/default\/files\/balbuzard\/159\/CP.zip\">Communiqu\u00e9 de presse<\/a>\u00a0&#8211; dossier zip, 350 ko<\/li>\n<\/ul>\n<h3>Ressources bibliographiques<\/h3>\n<ul>\n<li>Monti, F. (2015). <a href=\"https:\/\/www.researchgate.net\/profile\/Flavio-Monti\/publication\/321098424_Scale-dependent_approaches_in_conservation_biogeography_of_a_cosmopolitan_raptor_the_Osprey\/links\/5aba0872aca2722b97d1865f\/Scale-dependent-approaches-in-conservation-biogeography-of-a-cosmopolitan-raptor-the-Osprey.pdf\">Scale-dependent approaches in conservation biogeography of a cosmopolitan raptor : the Osprey. PhD thesis<\/a>. University of Ferrera \/ University of Montpellier.<\/li>\n<\/ul>\n<h3>A se procurer<\/h3>\n<p><em><strong> <img loading=\"lazy\" decoding=\"async\" class=\"imagecache-original\" src=\"https:\/\/preprod-cna.lpo.fr\/wp-content\/uploads\/2021\/01\/ospreys-afpoole-2019.jpg\" alt=\"\" width=\"105\" height=\"153\" \/> <br \/>Ospreys &#8211; The revival of a global raptor, <\/strong><\/em>de Alan F. Poole, 2019. <br \/>Johns Hopkins University Press, 220 p. $39.95<\/p>\n<p>&nbsp;<\/p>\n<p><img loading=\"lazy\" decoding=\"async\" class=\"imagecache-original\" src=\"https:\/\/preprod-cna.lpo.fr\/wp-content\/uploads\/2021\/01\/rspb-spotlight-ospreys-2019.png\" alt=\"\" width=\"106\" height=\"151\" \/><br \/><em><strong>RSPB Spotlight Ospreys, de T. Mackrill<\/strong><\/em>, 2019.<br \/>Bloomsbury Wildlife, 128 p, 9.99\u00a3<\/p>\n<h5>\u00a0<\/h5>\n<p><em><strong> <img loading=\"lazy\" decoding=\"async\" class=\"imagecache-original\" src=\"https:\/\/preprod-cna.lpo.fr\/wp-content\/uploads\/2021\/01\/livret-catiche-prod-bbz.jpg\" alt=\"\" width=\"195\" height=\"137\" \/> <\/strong><\/em><br \/><em><strong>Le balbuzard p\u00eacheur &#8211; Histoire d&rsquo;une sauvegarde<\/strong><\/em>, Collectif (C. Lemarchand, M.d.N de Belledfroid, R. Rosoux, coord), 2013. Catiche productions. 32 p.<br \/>Apr\u00e8s la Loutre, le Saumon, l\u2019Ecrevisse \u00e0 pattes blanches, la Moule perli\u00e8re et le Pique-prune, c\u2019est le Balbuzard qui fait l\u2019objet d\u2019une brochure de la collection \u00ab Histoire d\u2019une sauvegarde \u00bb, \u00e9dit\u00e9e par Catiche productions.<br \/>Son portrait, sa biologie, son \u00e9cologie, sa dynamique de population et les avanc\u00e9es en mati\u00e8re de recherche scientifiques sont pr\u00e9sent\u00e9s par diff\u00e9rents partenaires et auteurs directement int\u00e9ress\u00e9s par la connaissance et la conservation de l\u2019esp\u00e8ce.<\/p>\n<p><em><strong><img loading=\"lazy\" decoding=\"async\" class=\"imagecache-Original\" src=\"https:\/\/preprod-cna.lpo.fr\/wp-content\/uploads\/2017\/03\/ospreysroydennisbody.jpg\" alt=\"\" width=\"105\" height=\"153\" \/><br \/>A life of Ospreys<\/strong><\/em>, de Dennis R., 2008, Whittles Publishing, Caithness, U.K., 211 p. (19 \u00a3)<br \/>Je ne crains pas de para\u00eetre exag\u00e9rer : aucun fran\u00e7ais int\u00e9ress\u00e9 par le balbuzard ou impliqu\u00e9 dans sa conservation ou l\u2019espoir de son retour ne peut se passer d\u2019avoir ce livre, m\u00eame s\u2019il ma\u00eetrise mal l\u2019anglais, et surtout s\u2019il aime la simplicit\u00e9 de l\u2019ornithologie de terrain et de la protection au quotidien. A l\u2019image de son auteur, simple, passionn\u00e9, efficace, riche d\u2019une longue exp\u00e9rience, cette histoire du Balbuzard et de son retour en Grande Bretagne est \u00e0 la fois passionnante, instructive, extr\u00eamement document\u00e9e et pleine d\u2019applications possibles chez nous. C\u2019est aussi l\u2019histoire d\u2019une arm\u00e9e d\u2019enthousiastes qui, pendant tant d\u2019ann\u00e9es, ont suivi, \u00e9tudi\u00e9, prot\u00e9g\u00e9, accompagn\u00e9 les balbuzards qui se r\u00e9installaient peu \u00e0 peu en Ecosse et jusque dans leurs migrations (l\u2019\u00e9pop\u00e9e de dizaines d\u2019oiseaux bagu\u00e9s ou suivis par radiot\u00e9l\u00e9m\u00e9trie) et leurs zones d\u2019hivernage africain. Sans th\u00e9orie scientifique r\u00e9barbative ni statistiques compliqu\u00e9es, tous les r\u00e9sultats sont l\u00e0, chiffr\u00e9s, expliqu\u00e9s, avec aussi leurs \u00e9checs et leurs enseignements. Modestement, Roy Dennis s\u2019en est pourtant tenu \u00e0 sa seule exp\u00e9rience de terrain, y compris m\u00eame quand il \u00e9voque bri\u00e8vement \u00e0 la fin les balbuzards des autres continents. Jusqu\u2019\u00e0 la bibliographie o\u00f9 il ne cite que les livres principaux sur l\u2019esp\u00e8ce et des sites web. Cette impression est renforc\u00e9e tout au long du livre par la reproduction de pages de ses carnets de notes, de photos qui privil\u00e9gient l\u2019int\u00e9r\u00eat documentaire \u00e0 la qualit\u00e9 artistique, de figures synth\u00e9tiques et de tableaux de donn\u00e9es chiffr\u00e9es r\u00e9duits \u00e0 l\u2019essentiel. Dans ce demi-si\u00e8cle d\u2019exp\u00e9riences tous azimuts, vous trouverez tout sur l\u2019histoire, le retour et l\u2019expansion du balbuzard dans les Iles Britanniques (et accessoirement ailleurs), les d\u00e9tails et modalit\u00e9s de ses comportements, de sa reproduction, de sa dynamique, de ses migrations et de ses rapports avec l\u2019homme jusqu\u2019\u00e0 une description des sites o\u00f9 il est aujourd\u2019hui ais\u00e9ment possible de l\u2019observer en Grande Bretagne, mais aussi, et plus encore, sur les menaces, les techniques de protection, de renforcement de population et d\u2019\u00e9tude. Autant d\u2019acquis, pour un prix et sous un format aussi modestes, fera gagner un temps pr\u00e9cieux \u00e0 tous ceux qui cherchent en France \u00e0 attirer des nicheurs, \u00e0 d\u00e9couvrir et aider de nouvelles installations de balbuzards, \u00e0 suivre, \u00e9tudier et marquer une population. Et pour les autres, c\u2019est la connaissance intime et directe d\u2019une esp\u00e8ce embl\u00e9matique, mais aussi une page d\u2019histoire de l\u2019ornithologie moderne et un t\u00e9moignage d\u2019espoir. (JMT)<\/p>\n<p><strong><em> <img loading=\"lazy\" decoding=\"async\" class=\"imagecache-original\" src=\"https:\/\/preprod-cna.lpo.fr\/wp-content\/uploads\/2021\/01\/balbuzard-hesse.jpg\" alt=\"\" width=\"113\" height=\"114\" \/> <br \/>Balbuzard<\/em><\/strong>, Ed. Hesse, 20 x 20, reli\u00e9, 32 pages<br \/>Collection Les oiseaux du bord de mer, 2003<br \/>Texte de Philippe Huet, illustrations de Jean Chevalier<br \/>\u00a0<\/p>\n<p><strong><em>Le balbuzard p\u00eacheur en Corse &#8211; du martyre au symbole de la protection de la nature<\/em><\/strong><br \/>Ce livre, \u00e9crit par Jean-Claude Thibault, Vincent Bretagnolle et Jean-Marie Dominici et publi\u00e9 en 2004, est l\u2019aboutissement de 25 ans d\u2019\u00e9tudes scientifiques entreprises sur cette esp\u00e8ce en Corse. La rigueur du propos est donc de mise et sa richesse passionnera tous ceux qui oeuvrent \u00e0 son retour.<br \/>Vous y trouverez, outre l\u2019histoire de la population Corse et la situation des populations m\u00e9diterran\u00e9enne, des paragraphes sur les proies, les pr\u00e9dateurs, les comportements, les vocalises&#8230; Un livre complet \u00e0 lire absolument.<br \/>Editeur : Alain Piazzola<\/p>\n<p><strong><em>Les balbuzards de la Loire<\/em><\/strong>, de Bruno Voland, 2003.<br \/>Apr\u00e8s toutes ces ann\u00e9es o\u00f9 il n\u2019a fait que survoler la France m\u00e9tropolitaine sans y nicher, suite aux pers\u00e9cutions subies, le balbuzard p\u00eacheur est enfin de retour. Le premier couple s\u2019est install\u00e9 dans les ann\u00e9es quatre-vingt et d\u2019autres tentent de se reproduire dans le Val de Loire, mais aussi un peu partout dans notre pays.<br \/>Ce livre est un hommage \u00e0 ce magnifique rapace, au r\u00e9gime si particulier, mais aussi \u00e0 la Loire, dernier fleuve sauvage d\u2019Europe, et enfin \u00e0 tous ceux qui aident le \u00ab balbu \u00bb \u00e0 s\u2019installer.<br \/>Format 14 X 21 cm, 102 pages avec illustrations<br \/>Editions la Vague verte<\/p>\n<h3>Vid\u00e9os<\/h3>\n<p><a href=\"https:\/\/www.france.tv\/documentaires\/environnement\/1079839-combat-pour-un-sanctuaire.html\"><strong>Combat pour un sanctuaire<\/strong><\/a>, r\u00e9alis\u00e9 par Emmanuel Roblin, 2019.<br \/>52 minutes, diffus\u00e9 le 17.10.2019 sur France 3<br \/><em>La r\u00e9serve naturelle de Scandola est un joyau class\u00e9 au patrimoine mondial de l&rsquo;UNESCO. Le site attire chaque jour des milliers de touristes qui arrivent par bateaux. Les visiteurs viennent admirer des roches volcaniques sculpt\u00e9es par les mill\u00e9naires et des fonds marins d&rsquo;une extr\u00eame richesse. Mais ce patrimoine est aujourd&rsquo;hui menac\u00e9, victime de sa beaut\u00e9. D&rsquo;apr\u00e8s des scientifiques et des associations de d\u00e9fense de l&rsquo;environnement, le tourisme de masse a des cons\u00e9quences graves sur la biodiversit\u00e9 de ce territoire corse. Le conservateur de la r\u00e9serve, Jean-Marie Dominici, lutte contre le lobby du tourisme pour pr\u00e9server ce sanctuaire.<\/em><\/p>\n<p><a href=\"https:\/\/vimeo.com\/35520446\">Vid\u00e9o<\/a> : Baguage des jeunes balbuzards par Rolf Wahl en 2011 en for\u00eat d&rsquo;Orl\u00e9ans<\/p>\n\n\n<p><\/p>\n","protected":false},"excerpt":{"rendered":"<p>Documentation T\u00e9l\u00e9chargeables Le Cahier d&rsquo;identification des plumages du Pygargue \u00e0 queue blanche \u00a0 &nbsp; Le Cahier technique Pygargue \u00e0 queue blanche &nbsp; La brochure du nouveau plan national d&rsquo;actions &#8211;\u00a0 Agir pour le Balbuzard p\u00eacheur et le Pygargue \u00e0 queue blanche (2020) &nbsp; Le Plan national d&rsquo;actions 2020-2029 en faveur du Balbuzard p\u00eacheur et du [&hellip;]<\/p>\n","protected":false},"author":3,"featured_media":21169,"parent":0,"menu_order":0,"comment_status":"closed","ping_status":"closed","template":"","meta":{"footnotes":""},"class_list":["post-21369","page","type-page","status-publish","has-post-thumbnail","hentry"],"_links":{"self":[{"href":"https:\/\/preprod-cna.lpo.fr\/index.php?rest_route=\/wp\/v2\/pages\/21369","targetHints":{"allow":["GET"]}}],"collection":[{"href":"https:\/\/preprod-cna.lpo.fr\/index.php?rest_route=\/wp\/v2\/pages"}],"about":[{"href":"https:\/\/preprod-cna.lpo.fr\/index.php?rest_route=\/wp\/v2\/types\/page"}],"author":[{"embeddable":true,"href":"https:\/\/preprod-cna.lpo.fr\/index.php?rest_route=\/wp\/v2\/users\/3"}],"replies":[{"embeddable":true,"href":"https:\/\/preprod-cna.lpo.fr\/index.php?rest_route=%2Fwp%2Fv2%2Fcomments&post=21369"}],"version-history":[{"count":2,"href":"https:\/\/preprod-cna.lpo.fr\/index.php?rest_route=\/wp\/v2\/pages\/21369\/revisions"}],"predecessor-version":[{"id":32905,"href":"https:\/\/preprod-cna.lpo.fr\/index.php?rest_route=\/wp\/v2\/pages\/21369\/revisions\/32905"}],"wp:featuredmedia":[{"embeddable":true,"href":"https:\/\/preprod-cna.lpo.fr\/index.php?rest_route=\/wp\/v2\/media\/21169"}],"wp:attachment":[{"href":"https:\/\/preprod-cna.lpo.fr\/index.php?rest_route=%2Fwp%2Fv2%2Fmedia&parent=21369"}],"curies":[{"name":"wp","href":"https:\/\/api.w.org\/{rel}","templated":true}]}}