{"id":16725,"date":"2013-08-07T01:02:11","date_gmt":"2013-08-06T23:02:11","guid":{"rendered":"https:\/\/preprod-cna.lpo.fr\/?page_id=16725"},"modified":"2013-08-07T01:02:11","modified_gmt":"2013-08-06T23:02:11","slug":"galerie-photo","status":"publish","type":"page","link":"https:\/\/preprod-cna.lpo.fr\/?page_id=16725","title":{"rendered":"Galerie photo"},"content":{"rendered":"<h2>Galerie photo (cliquez pour agrandir)<\/h2>\n<h3>Actions de s\u00e9curisation des lignes \u00e9lectriques<\/h3>\n<div class=\"galerie\"><a href=\"https:\/\/preprod-cna.lpo.fr\/wp-content\/uploads\/2013\/08\/pose-de-perchoir-sous-tension-erdf.jpg\" rel=\"galerie\" class=\"vignette-galerie\"><img decoding=\"async\" src=\"https:\/\/preprod-cna.lpo.fr\/wp-content\/uploads\/2013\/08\/pose-de-perchoir-sous-tension-erdf.jpg\" alt=\"\" title=\"Pose de perchoir sous tension, ERDF \u00a9\" class=\"imagecache-Vignette_galerie\"><\/a><a href=\"https:\/\/preprod-cna.lpo.fr\/wp-content\/uploads\/2013\/08\/pose-de-protection-sur-ligne-moyenne-tension-sous-tension-erdf.jpg\" rel=\"galerie\" class=\"vignette-galerie\"><img decoding=\"async\" src=\"https:\/\/preprod-cna.lpo.fr\/wp-content\/uploads\/2013\/08\/pose-de-protection-sur-ligne-moyenne-tension-sous-tension-erdf.jpg\" alt=\"\" title=\"Pose protection sur ligne moyenne tension sous tension, ERDF \u00a9\" class=\"imagecache-Vignette_galerie\"><\/a><a class=\"vignette-galerie\" rel=\"galerie\" href=\"https:\/\/preprod-cna.lpo.fr\/wp-content\/uploads\/2013\/08\/baguage-bonelli-cna-4.jpg\"><img decoding=\"async\" class=\"imagecache-Vignette_galerie\" title=\"Baguage d'un aiglon de Bonelli, RTE \u00a9\" alt=\"\" src=\"https:\/\/preprod-cna.lpo.fr\/wp-content\/uploads\/2013\/08\/baguage-bonelli-cna-4.jpg\"><\/a><a class=\"vignette-galerie\" rel=\"galerie\" href=\"https:\/\/preprod-cna.lpo.fr\/wp-content\/uploads\/2013\/08\/cigogne-rte.jpg\"><img decoding=\"async\" class=\"imagecache-Vignette_galerie\" title=\"Un nid de cigognes est r\u00e9install\u00e9 apr\u00e8s s\u00e9curisation, RTE \u00a9\" alt=\"\" src=\"https:\/\/preprod-cna.lpo.fr\/wp-content\/uploads\/2013\/08\/cigogne-rte.jpg\"><\/a><a class=\"vignette-galerie\" rel=\"galerie\" href=\"https:\/\/preprod-cna.lpo.fr\/wp-content\/uploads\/2013\/08\/securisation-alsace1.jpg\"><img decoding=\"async\" class=\"imagecache-Vignette_galerie\" title=\"S\u00e9curisation des lignes \u00e9lectriques en Alsace dans le cadre de la pr\u00e9servation du Balbuzard p\u00eacheur, ESR \u00a9\" alt=\"\" src=\"https:\/\/preprod-cna.lpo.fr\/wp-content\/uploads\/2013\/08\/securisation-alsace1.jpg\"><\/a><a class=\"vignette-galerie\" rel=\"galerie\" href=\"https:\/\/preprod-cna.lpo.fr\/wp-content\/uploads\/2013\/08\/securisation-alsace2.jpg\"><img decoding=\"async\" class=\"imagecache-Vignette_galerie\" title=\"S\u00e9curisation des lignes \u00e9lectriques en Alsace dans le cadre de la pr\u00e9servation du Balbuzard p\u00eacheur, ESR \u00a9\" alt=\"\" src=\"https:\/\/preprod-cna.lpo.fr\/wp-content\/uploads\/2013\/08\/securisation-alsace2.jpg\"><\/a><\/div>\n<h3>Installation d\u2019un nid artificiel pour un couple de cigognes sur un support basse tension<\/h3>\n<div class=\"galerie\"><a href=\"https:\/\/preprod-cna.lpo.fr\/wp-content\/uploads\/2013\/08\/cigogne-nid-artificiel1.jpg\" rel=\"galerie\" class=\"vignette-galerie\"><img decoding=\"async\" src=\"https:\/\/preprod-cna.lpo.fr\/wp-content\/uploads\/2013\/08\/cigogne-nid-artificiel1.jpg\" alt=\"\" title=\"Installation d\u2019un nid artificiel pour un couple de cigognes sur un support BT, ERDF \u00a9\" class=\"imagecache-Vignette_galerie\"><\/a><a href=\"https:\/\/preprod-cna.lpo.fr\/wp-content\/uploads\/2013\/08\/cigogne-nid-artificiel2.jpg\" rel=\"galerie\" class=\"vignette-galerie\"><img decoding=\"async\" src=\"https:\/\/preprod-cna.lpo.fr\/wp-content\/uploads\/2013\/08\/cigogne-nid-artificiel2.jpg\" alt=\"\" title=\"Installation d\u2019un nid artificiel pour un couple de cigognes sur un support BT, ERDF \u00a9\" class=\"imagecache-Vignette_galerie\"><\/a><a href=\"https:\/\/preprod-cna.lpo.fr\/wp-content\/uploads\/2013\/08\/cigogne-nid-artificiel3.jpg\" rel=\"galerie\" class=\"vignette-galerie\"><img decoding=\"async\" src=\"https:\/\/preprod-cna.lpo.fr\/wp-content\/uploads\/2013\/08\/cigogne-nid-artificiel3.jpg\" alt=\"\" title=\"Installation d\u2019un nid artificiel pour un couple de cigognes sur un support BT, ERDF \u00a9\" class=\"imagecache-Vignette_galerie\"><\/a><\/div>\n<h3>Pose de nichoirs pour Faucon p\u00e8lerin sur un site Enedis<\/h3>\n<p><a href=\"http:\/\/rapaces.lpo.fr\/sites\/default\/files\/styles\/original\/public\/cna-oiseaux-et-lignes-electriques\/1582\/nichoir-pelerin-4.jpg?itok=-QFi_tEh\" rel=\"galerie\" class=\"vignette-galerie\"><img decoding=\"async\" src=\"https:\/\/preprod-cna.lpo.fr\/wp-content\/uploads\/2013\/08\/nichoir-pelerin-4.jpg\" alt=\"\" title=\"Pose de nichoirs pour Faucon p\u00e8lerin sur un site Enedis, Fabienne David \u00a9\" class=\"imagecache-\"><\/a><\/p>\n<h3>Elagage aux abords du r\u00e9seau de transport d\u2019\u00e9lectricit\u00e9<\/h3>\n<div class=\"galerie\"><a class=\"vignette-galerie\" rel=\"galerie\" href=\"https:\/\/preprod-cna.lpo.fr\/wp-content\/uploads\/2013\/08\/elagage2.jpg\"><img decoding=\"async\" class=\"imagecache-Vignette_galerie\" title=\"Elagage aux abords des r\u00e9seaux \u00e9lectriques de distribution, RTE \u00a9\" alt=\"\" src=\"https:\/\/preprod-cna.lpo.fr\/wp-content\/uploads\/2013\/08\/elagage2.jpg\"><\/a><a class=\"vignette-galerie\" rel=\"galerie\" href=\"https:\/\/preprod-cna.lpo.fr\/wp-content\/uploads\/2013\/08\/elagage1.jpg\"><img decoding=\"async\" class=\"imagecache-Vignette_galerie\" title=\"Elagage aux abords des r\u00e9seaux \u00e9lectriques de distribution, RTE \u00a9\" alt=\"\" src=\"https:\/\/preprod-cna.lpo.fr\/wp-content\/uploads\/2013\/08\/elagage1.jpg\"><\/a><a class=\"vignette-galerie\" rel=\"galerie\" href=\"https:\/\/preprod-cna.lpo.fr\/wp-content\/uploads\/2013\/08\/elagage3.jpg\"><img decoding=\"async\" class=\"imagecache-Vignette_galerie\" title=\"Elagage aux abords des r\u00e9seaux \u00e9lectriques de distribution, RTE \u00a9\" alt=\"\" src=\"https:\/\/preprod-cna.lpo.fr\/wp-content\/uploads\/2013\/08\/elagage3.jpg\"><\/a><\/div>\n<h3>&nbsp;Baguage de cigogneaux dans l&rsquo;Ouest de la France <\/h3>\n<p><a class=\"vignette-galerie\" rel=\"galerie\" href=\"https:\/\/preprod-cna.lpo.fr\/wp-content\/uploads\/2013\/08\/15537.jpg\"><img decoding=\"async\" class=\"imagecache-Vignette_galerie\" title=\"Ascension sur un pyl\u00f4ne \u00e9lectrique \u00e0 tr\u00e8s haute tension jusqu'au nids de cigognes par Jean-Claude Bonneau, lignard RTE.\" alt=\"\" src=\"https:\/\/preprod-cna.lpo.fr\/wp-content\/uploads\/2013\/08\/15537.jpg\"><\/a><a class=\"vignette-galerie\" rel=\"galerie\" href=\"https:\/\/preprod-cna.lpo.fr\/wp-content\/uploads\/2013\/08\/15492.jpg\"><img decoding=\"async\" class=\"imagecache-Vignette_galerie\" title=\"Nid de cigognes install\u00e9 sur un pyl\u00eene \u00e9lectrique \u00e0 tr\u00e8s haute tension.\" alt=\"\" src=\"https:\/\/preprod-cna.lpo.fr\/wp-content\/uploads\/2013\/08\/15492.jpg\"><\/a><a class=\"vignette-galerie\" rel=\"galerie\" href=\"https:\/\/preprod-cna.lpo.fr\/wp-content\/uploads\/2013\/08\/15530.jpg\"><img decoding=\"async\" class=\"imagecache-Vignette_galerie\" title=\"Baguage de cogogniaux dans l'Ouest de la France, le 29 mai 2009\" alt=\"\" src=\"https:\/\/preprod-cna.lpo.fr\/wp-content\/uploads\/2013\/08\/15530.jpg\"><\/a><a class=\"vignette-galerie\" rel=\"galerie\" href=\"https:\/\/preprod-cna.lpo.fr\/wp-content\/uploads\/2019\/07\/15512.jpg\"><img decoding=\"async\" class=\"imagecache-Vignette_galerie\" title=\"Jean-Claude Bonneau, lignard RTE renvoyant le panier transport o\u00f9 se trouve le cigogneau \u00e0 baguer.\" alt=\"\" src=\"https:\/\/preprod-cna.lpo.fr\/wp-content\/uploads\/2019\/07\/15512.jpg\"><\/a><a class=\"vignette-galerie\" rel=\"galerie\" href=\"https:\/\/preprod-cna.lpo.fr\/wp-content\/uploads\/2013\/08\/15522-scaled.jpg\"><img decoding=\"async\" class=\"imagecache-Vignette_galerie\" title=\"Baguage d'un cigogneau par Jean-Yves Brie, LPO Atlantique, dans le cadre de la politique de protection des oiseaux chez RTE en partenariat avec la LPO (Ligue pour la Protection des Oiseaux). Pr\u00e9sence des enfants de l'\u00e9cole maternelle Louise Michel de Trignac (44).\" alt=\"\" src=\"https:\/\/preprod-cna.lpo.fr\/wp-content\/uploads\/2013\/08\/15522-scaled.jpg\"><\/a><a class=\"vignette-galerie\" rel=\"galerie\" href=\"https:\/\/preprod-cna.lpo.fr\/wp-content\/uploads\/2013\/08\/15542.jpg\"><img decoding=\"async\" class=\"imagecache-Vignette_galerie\" title=\"Mise en place d'un cigogneau dans un panier transport pour le remonter jusqu'\u00e0 son nid install\u00e9 sur un pyl\u00f4ne tr\u00e8s haute tension.\" alt=\"\" src=\"https:\/\/preprod-cna.lpo.fr\/wp-content\/uploads\/2013\/08\/15542.jpg\"><\/a><a class=\"vignette-galerie\" rel=\"galerie\" href=\"https:\/\/preprod-cna.lpo.fr\/wp-content\/uploads\/2013\/08\/15527.jpg\"><img decoding=\"async\" class=\"imagecache-Vignette_galerie\" title=\"Jean-Claude Bonneau, lignard RTE post\u00e9 sur un pyl\u00f4ne tr\u00e8s haute tension, r\u00e9ceptionnant le panier ou se trouve le cigogneau.\" alt=\"\" src=\"https:\/\/preprod-cna.lpo.fr\/wp-content\/uploads\/2013\/08\/15527.jpg\"><\/a><\/p>\n<h3>Balises avifaune<\/h3>\n<p><a class=\"vignette-galerie\" rel=\"galerie\" href=\"https:\/\/preprod-cna.lpo.fr\/wp-content\/uploads\/2013\/08\/11170-scaled.jpg\"><img decoding=\"async\" class=\"imagecache-Vignette_galerie\" title=\"Inauguration de la ligne \u00e0 tr\u00e8s haute tension (400 000 volts) Amiens-Arras \u00e0 Poulainville (80), le 23 octobre 2004\" alt=\"\" src=\"https:\/\/preprod-cna.lpo.fr\/wp-content\/uploads\/2013\/08\/11170-scaled.jpg\"><\/a><a class=\"vignette-galerie\" rel=\"galerie\" href=\"https:\/\/preprod-cna.lpo.fr\/wp-content\/uploads\/2013\/08\/installation-heliportee-de-balises-avifaune-credit-mediatheque-rte-scaled.jpg\"><img decoding=\"async\" class=\"imagecache-Vignette_galerie\" title=\"INstallation h\u00e9liport\u00e9e de balises avifaune - Cr\u00e9dit M\u00e9diath\u00e8que RTE\" alt=\"\" src=\"https:\/\/preprod-cna.lpo.fr\/wp-content\/uploads\/2013\/08\/Installation-heliportee-de-balises-avifaune-credit-mediatheque-RTE_0.JPG\"><\/a><a class=\"vignette-galerie\" rel=\"galerie\" href=\"https:\/\/preprod-cna.lpo.fr\/wp-content\/uploads\/2013\/08\/ligne-rte-equipee-de-balises-avifaune-credit-bernard-masson-floret.jpg\"><img decoding=\"async\" class=\"imagecache-Vignette_galerie\" title=\"Ligne RTE \u00e9quip\u00e9e de balises avifaune - Cr\u00e9dit - Bernard MASSON-FLORET\" alt=\"\" src=\"https:\/\/preprod-cna.lpo.fr\/wp-content\/uploads\/2013\/08\/Ligne-RTE-equipee-de-balises-avifaune-credit-Bernard-MASSON-FLORET-_0.JPG\"><\/a><\/p>\n<h3>Prises de vue : pyl\u00f4ne et avifaune<\/h3>\n<p><a class=\"vignette-galerie\" rel=\"galerie\" href=\"https:\/\/preprod-cna.lpo.fr\/wp-content\/uploads\/2013\/08\/3952-scaled.jpg\"><img decoding=\"async\" class=\"imagecache-Vignette_galerie\" title=\"Prises de vues pour la r\u00e9alisation d'un livre intitul\u00e9 &quot;Haute tension&quot;\" alt=\"\" src=\"https:\/\/preprod-cna.lpo.fr\/wp-content\/uploads\/2013\/08\/3952-scaled.jpg\"><\/a><a class=\"vignette-galerie\" rel=\"galerie\" href=\"https:\/\/preprod-cna.lpo.fr\/wp-content\/uploads\/2013\/08\/nid-de-cigogne-sur-un-pylone-rte-credit-bernard-masson-floret-scaled.jpg\"><img decoding=\"async\" class=\"imagecache-Vignette_galerie\" title=\"Nid de cigogne sur un pyl\u00f4ne RTE - Cr\u00e9dit - Bernard MASSON-FLORET\" alt=\"\" src=\"https:\/\/preprod-cna.lpo.fr\/wp-content\/uploads\/2013\/08\/Nid-de-Cigogne-sur-un-pylone-RTE-Credit-Bernard-MASSON-FLORET-.JPG\"><\/a><\/p>\n<h3>Baguage d&rsquo;un aiglon de Bonelli<\/h3>\n<p><a class=\"vignette-galerie\" rel=\"galerie\" href=\"https:\/\/preprod-cna.lpo.fr\/wp-content\/uploads\/2013\/08\/8685-scaled.jpg\"><img decoding=\"async\" class=\"imagecache-Vignette_galerie\" title=\"Baguage d'aiglons de Bonelli \u00e0 Velaux (13), le 2 juin 2006\" alt=\"\" src=\"https:\/\/preprod-cna.lpo.fr\/wp-content\/uploads\/2013\/08\/8685-scaled.jpg\"><\/a><\/p>\n","protected":false},"excerpt":{"rendered":"<p>Galerie photo (cliquez pour agrandir) Actions de s\u00e9curisation des lignes \u00e9lectriques Installation d\u2019un nid artificiel pour un couple de cigognes sur un support basse tension Pose de nichoirs pour Faucon p\u00e8lerin sur un site Enedis Elagage aux abords du r\u00e9seau de transport d\u2019\u00e9lectricit\u00e9 &nbsp;Baguage de cigogneaux dans l&rsquo;Ouest de la France Balises avifaune Prises de [&hellip;]<\/p>\n","protected":false},"author":3,"featured_media":16453,"parent":0,"menu_order":0,"comment_status":"closed","ping_status":"closed","template":"","meta":{"footnotes":""},"class_list":["post-16725","page","type-page","status-publish","has-post-thumbnail","hentry"],"_links":{"self":[{"href":"https:\/\/preprod-cna.lpo.fr\/index.php?rest_route=\/wp\/v2\/pages\/16725","targetHints":{"allow":["GET"]}}],"collection":[{"href":"https:\/\/preprod-cna.lpo.fr\/index.php?rest_route=\/wp\/v2\/pages"}],"about":[{"href":"https:\/\/preprod-cna.lpo.fr\/index.php?rest_route=\/wp\/v2\/types\/page"}],"author":[{"embeddable":true,"href":"https:\/\/preprod-cna.lpo.fr\/index.php?rest_route=\/wp\/v2\/users\/3"}],"replies":[{"embeddable":true,"href":"https:\/\/preprod-cna.lpo.fr\/index.php?rest_route=%2Fwp%2Fv2%2Fcomments&post=16725"}],"version-history":[{"count":0,"href":"https:\/\/preprod-cna.lpo.fr\/index.php?rest_route=\/wp\/v2\/pages\/16725\/revisions"}],"wp:featuredmedia":[{"embeddable":true,"href":"https:\/\/preprod-cna.lpo.fr\/index.php?rest_route=\/wp\/v2\/media\/16453"}],"wp:attachment":[{"href":"https:\/\/preprod-cna.lpo.fr\/index.php?rest_route=%2Fwp%2Fv2%2Fmedia&parent=16725"}],"curies":[{"name":"wp","href":"https:\/\/api.w.org\/{rel}","templated":true}]}}