{"id":14877,"date":"2012-06-21T03:02:04","date_gmt":"2012-06-21T01:02:04","guid":{"rendered":"https:\/\/preprod-cna.lpo.fr\/?page_id=14877"},"modified":"2025-09-02T11:34:58","modified_gmt":"2025-09-02T09:34:58","slug":"ressources-et-liens","status":"publish","type":"page","link":"https:\/\/preprod-cna.lpo.fr\/?page_id=14877","title":{"rendered":"Vautours &#8211; Ressources et liens"},"content":{"rendered":"<h3>Publications<\/h3>\n<ul>\n<li><a href=\"https:\/\/preprod-cna.lpo.fr\/wp-content\/uploads\/2013\/07\/dossier-vautours-terre-sauvage-n-294.pdf\">Terre Sauvage n\u00b0294 &#8211; Dossier Vautours<\/a><\/li>\n<\/ul>\n<h4>LPO Grands Causses<\/h4>\n<div class=\"cadrecentre rounded\">Les bilans de reproduction des vautours moines dans les Grands Causses<\/div>\n<ul>\n<li>Bilan de la saison de reproduction et \u00e9tat des populations pour les 3 esp\u00e8ces de vautours de la r\u00e9gion des Grands Causses &#8211; <a target=\"_blank\" href=\"https:\/\/preprod-cna.lpo.fr\/wp-content\/uploads\/2011\/03\/bilan-3-especes-2008.pdf\">Bilan 2008<\/a><\/li>\n<li>Bilan de la saison de reproduction et \u00e9tat des populations pour les 3 esp\u00e8ces de vautours de la r\u00e9gion des Grands Causses &#8211; <a target=\"_blank\" href=\"https:\/\/preprod-cna.lpo.fr\/wp-content\/uploads\/2011\/03\/bilan-repro-vautours-grands-causses-2009.pdf\">Bilan 2009<\/a><\/li>\n<li>Bilan des actions de conservation des vautours &#8211; <a target=\"_blank\" href=\"https:\/\/preprod-cna.lpo.fr\/wp-content\/uploads\/2011\/03\/pl-lpo-grands-causses-bilan-des-actions-de-conservation-des-vautours-en-2010.pdf\">Bilan 2010<\/a><\/li>\n<li>Bilan de la saison de reproduction et \u00e9tat des populations pour les 4 esp\u00e8ces de vautours de la r\u00e9gion des Grands Causses &#8211;&nbsp;<a target=\"_blank\" href=\"https:\/\/preprod-cna.lpo.fr\/wp-content\/uploads\/2013\/02\/bilangrandscausses2012.pdf\">Bilan 2012<\/a><\/li>\n<\/ul>\n<p>Les <a target=\"_blank\" href=\"http:\/\/rapaces.lpo.fr\/vautour-moine\/communications-rencontre-vautours-2011\">Communications<\/a> de la Rencontre Vautours 2011, en Aveyron.<\/p>\n<div class=\"cadrecentre rounded\">Le bulletin de liaison des partenaires du Plan de restauration d\u2019actions <br \/>\nen faveur du Vautour moine<\/div>\n<ul>\n<li>Vautours info n\u00b0 16\/17 &#8211; D\u00e9cembre 2010 &#8211; <a target=\"_blank\" href=\"https:\/\/preprod-cna.lpo.fr\/wp-content\/uploads\/2011\/03\/vautourinfo16-17.pdf\">document pdf<\/a><\/li>\n<li>Vautours info n\u00b0 18\/19 &#8211; Et\u00e9 2011 &#8211; <a target=\"_blank\" href=\"https:\/\/preprod-cna.lpo.fr\/wp-content\/uploads\/2011\/03\/vautinfo18rev12bd.pdf\">document pdf<\/a><\/li>\n<li>Vautours info n\u00b0 20 &#8211; Hiver 2011 &#8211; <a target=\"_blank\" href=\"https:\/\/preprod-cna.lpo.fr\/wp-content\/uploads\/2012\/02\/vaut-info20150.pdf\">document pdf<\/a><\/li>\n<li>Vautours info n\u00b0 21\/22 &#8211; Juillet 2012 &#8211; <a href=\"https:\/\/preprod-cna.lpo.fr\/wp-content\/uploads\/2011\/03\/vautinfo21-22juil-2012.pdf\">document pdf<\/a><\/li>\n<li>Vautours info n\u00b0 23 &#8211; Janvier 2013 &#8211;<a href=\"https:\/\/preprod-cna.lpo.fr\/wp-content\/uploads\/2011\/03\/vautinfo23hiver-2013.pdf\"> document pdf<\/a><\/li>\n<li>Vautours info n\u00b0 24 &#8211; Et\u00e9 2013 &#8211; <a href=\"https:\/\/preprod-cna.lpo.fr\/wp-content\/uploads\/2011\/03\/vautinfo24juil-2013.pdf\">document pdf<\/a><\/li>\n<li>Vautours info n\u00b0 25 &#8211; Et\u00e9 2014 &#8211; <a href=\"https:\/\/preprod-cna.lpo.fr\/wp-content\/uploads\/2011\/03\/vautinfo25juil-2014.pdf\">document pdf<\/a><\/li>\n<li>Vautours info n\u00b0 26 &#8211; Hiver 2015 <a href=\"https:\/\/preprod-cna.lpo.fr\/wp-content\/uploads\/2011\/03\/vautinfo26hiver-2015.pdf\">document pdf<\/a><\/li>\n<li>Vautours info n\u00b0 27\/28\/29\/30 &#8211; Actes 2014 &#8211; <a href=\"https:\/\/preprod-cna.lpo.fr\/wp-content\/uploads\/2011\/03\/actes-2014-27-28-29-30.pdf\">document pdf<\/a><\/li>\n<li>Vautours info n\u00b0 31 &#8211; Et\u00e9 2016 &#8211; <a href=\"https:\/\/preprod-cna.lpo.fr\/wp-content\/uploads\/2012\/06\/vautoursinfo31.pdf\">document PDF<\/a><\/li>\n<li>Vautours info n\u00b0 32 &#8211; Juillet 2017 &#8211;&nbsp;<a href=\"https:\/\/preprod-cna.lpo.fr\/wp-content\/uploads\/2011\/03\/vautoursinfo32.pdf\">document PDF<\/a><\/li>\n<\/ul>\n<h3>Vid\u00e9os<\/h3>\n<ul>\n<li><a href=\"http:\/\/www.dailymotion.com\/video\/k7kr6CwIyKpOSM8HY3U\">Vid\u00e9o du l\u00e2cher des Gypa\u00e8tes barbus dans les Grands Causses le 20 mai 2014 \u00e0 Meyrueis<\/a><\/li>\n<\/ul>\n","protected":false},"excerpt":{"rendered":"<p>Publications Terre Sauvage n\u00b0294 &#8211; Dossier Vautours LPO Grands Causses Les bilans de reproduction des vautours moines dans les Grands Causses Bilan de la saison de reproduction et \u00e9tat des populations pour les 3 esp\u00e8ces de vautours de la r\u00e9gion des Grands Causses &#8211; Bilan 2008 Bilan de la saison de reproduction et \u00e9tat des [&hellip;]<\/p>\n","protected":false},"author":3,"featured_media":0,"parent":0,"menu_order":0,"comment_status":"closed","ping_status":"closed","template":"","meta":{"footnotes":""},"class_list":["post-14877","page","type-page","status-publish","hentry"],"_links":{"self":[{"href":"https:\/\/preprod-cna.lpo.fr\/index.php?rest_route=\/wp\/v2\/pages\/14877","targetHints":{"allow":["GET"]}}],"collection":[{"href":"https:\/\/preprod-cna.lpo.fr\/index.php?rest_route=\/wp\/v2\/pages"}],"about":[{"href":"https:\/\/preprod-cna.lpo.fr\/index.php?rest_route=\/wp\/v2\/types\/page"}],"author":[{"embeddable":true,"href":"https:\/\/preprod-cna.lpo.fr\/index.php?rest_route=\/wp\/v2\/users\/3"}],"replies":[{"embeddable":true,"href":"https:\/\/preprod-cna.lpo.fr\/index.php?rest_route=%2Fwp%2Fv2%2Fcomments&post=14877"}],"version-history":[{"count":2,"href":"https:\/\/preprod-cna.lpo.fr\/index.php?rest_route=\/wp\/v2\/pages\/14877\/revisions"}],"predecessor-version":[{"id":32904,"href":"https:\/\/preprod-cna.lpo.fr\/index.php?rest_route=\/wp\/v2\/pages\/14877\/revisions\/32904"}],"wp:attachment":[{"href":"https:\/\/preprod-cna.lpo.fr\/index.php?rest_route=%2Fwp%2Fv2%2Fmedia&parent=14877"}],"curies":[{"name":"wp","href":"https:\/\/api.w.org\/{rel}","templated":true}]}}